{"id":26,"date":"2016-11-22T17:10:34","date_gmt":"2016-11-22T16:10:34","guid":{"rendered":"https:\/\/id4ex.il.pw.edu.pl\/?page_id=26"},"modified":"2022-04-15T14:36:43","modified_gmt":"2022-04-15T12:36:43","slug":"partnerstwo","status":"publish","type":"page","link":"https:\/\/id4ex.il.pw.edu.pl\/index.php\/pl\/partnerstwo\/","title":{"rendered":"Partnerstwo"},"content":{"rendered":"<p><strong>Promotor:<\/strong><\/p>\n<p><a href=\"https:\/\/www.il.pw.edu.pl\/\" target=\"_blank\" rel=\"noopener noreferrer\">Wydzia\u0142 In\u017cynierii L\u0105dowej Politechnika Warszawska, PL<\/a><\/p>\n<p><img loading=\"lazy\" decoding=\"async\" class=\"alignnone\" src=\"http:\/\/www.arcw.il.pw.edu.pl\/wp-content\/uploads\/2015\/05\/logo_pw.png\" alt=\"\" width=\"198\" height=\"198\"><\/p>\n<p>Wydzia\u0142 In\u017cynierii L\u0105dowej powsta\u0142 w 1915 roku jako jeden z trzech najstarszych wydzia\u0142\u00f3w uczelni, ale jego tradycje si\u0119gaj\u0105 pocz\u0105tk\u00f3w XIX wieku. Obecnie mie\u015bci si\u0119 we w\u0142asnym gmachu przy al. Armii Ludowej 16, gdzie znajduje si\u0119 wi\u0119kszo\u015b\u0107 sal wyk\u0142adowych oraz laboratori\u00f3w dydaktycznych i badawczych. W ostatnich latach Wydzia\u0142 przyjmuje rocznie oko\u0142o 300 student\u00f3w na studia stacjonarne i tak\u0105 sam\u0105 liczb\u0119 os\u00f3b na studia niestacjonarne. Og\u00f3lna liczba student\u00f3w na pocz\u0105tku roku akademickiego wynosi\u0142a oko\u0142o 2500.<\/p>\n<p>Wydzia\u0142 In\u017cynierii L\u0105dowej oferuje studentom trzy specjalno\u015bci: Konstrukcje Budowlane i In\u017cynierskie, In\u017cynieria Komunikacyjna oraz In\u017cynieria Produkcji Budowlanej. W ramachspecjalizacji dodatkowo oferowane s\u0105 nast\u0119puj\u0105ce kursy dyplomowe: Teoria Konstrukcji oraz Mosty i Budowle Podziemne. Od RA 2008\/9 na studiach stacjonarnych pierwszego stopnia jest tak\u017ce dost\u0119pna specjalno\u015b\u0107 Budownictwo Energooszcz\u0119dne.<\/p>\n<p>Wydzia\u0142 zatrudnia ponad 150 pracownik\u00f3w na etatach naukowo-dydaktycznych w tym ponad 20 profesor\u00f3w (z czego wi\u0119kszo\u015b\u0107 z tytu\u0142em naukowym), a tak\u017ce adiunkt\u00f3w ze stopniem doktora habilitowanego oraz adiunkt\u00f3w ze stopniem doktora. Kadr\u0119 Wydzia\u0142u tworzy ponadto grupa ponad 80 os\u00f3b personelu techniczno-administracyjnego.<\/p>\n<p>Wydzia\u0142 sk\u0142ada si\u0119 z nast\u0119puj\u0105cych jednostek organizacyjnych: Instytutu Dr\u00f3g i Most\u00f3w oraz Instytutu In\u017cynierii Budowlanej.<\/p>\n<p>Wydzia\u0142 wsp\u00f3\u0142pracuje z wieloma uczelniami zagranicznymi, w tym z Uniwersytetem Michigan w Stanach Zjednoczonych, Politechnik\u0105 w Darmstadt, Politechnik\u0105 Gedymina w Wilnie, Moskiewsk\u0105 Akademi\u0105 Budownictwa oraz Akademi\u0105 Budownictwa i Architektury w Dniepropietrowsku, Uniwersytetem w Liege, Uniwersytetem Technicznym (RWTH) w Aachen, Katolickim Uniwersytetem w Leuven, Instytutem Badawczym (IRMA) w Lublianie oraz Instytutem Technologii i Norm (NIST) w Gaithersburgu.<\/p>\n<p>&nbsp;<\/p>\n<p><strong>Partnerzy:<\/strong><\/p>\n<p><a href=\"https:\/\/centoform.it\/\" target=\"_blank\" rel=\"noopener\">Centoform, IT<\/a><\/p>\n<p><img loading=\"lazy\" decoding=\"async\" class=\"alignnone wp-image-1409\" src=\"https:\/\/id4ex.il.pw.edu.pl\/wp-content\/uploads\/2022\/04\/Centoform.png\" alt=\"\" width=\"363\" height=\"134\" srcset=\"https:\/\/id4ex.il.pw.edu.pl\/wp-content\/uploads\/2022\/04\/Centoform.png 667w, https:\/\/id4ex.il.pw.edu.pl\/wp-content\/uploads\/2022\/04\/Centoform-300x111.png 300w\" sizes=\"auto, (max-width: 363px) 100vw, 363px\" \/><\/p>\n<p><span class=\"VIiyi\" lang=\"pl\"><span class=\"JLqJ4b ChMk0b\" data-language-for-alternatives=\"pl\" data-language-to-translate-into=\"en\" data-phrase-index=\"0\" data-number-of-phrases=\"6\"><span class=\"Q4iAWc\">CENTOFORM, za\u0142o\u017cony w 2001 r., jest o\u015brodkiem szkolenia zawodowego i kszta\u0142cenia (VET) akredytowanym dzi\u0119ki <\/span><\/span><\/span><span class=\"VIiyi\" lang=\"pl\"><span class=\"JLqJ4b ChMk0b\" data-language-for-alternatives=\"pl\" data-language-to-translate-into=\"en\" data-phrase-index=\"0\" data-number-of-phrases=\"6\"><span class=\"Q4iAWc\">szkoleniom <\/span><\/span><\/span><span class=\"VIiyi\" lang=\"pl\"><span class=\"JLqJ4b ChMk0b\" data-language-for-alternatives=\"pl\" data-language-to-translate-into=\"en\" data-phrase-index=\"0\" data-number-of-phrases=\"6\"><span class=\"Q4iAWc\">wysokiej jako\u015bci przez region Emilia Romagna (W\u0142ochy). Region ten charakteryzuje si\u0119 siln\u0105 dynamiczn\u0105 gospodark\u0105, z sektorowym ukierunkowaniem na in\u017cynieri\u0119 mechaniczn\u0105, oraz wa\u017cnymi uniwersyteckimi sieciami badawczymi<\/span><\/span><span class=\"JLqJ4b ChMk0b\" data-language-for-alternatives=\"pl\" data-language-to-translate-into=\"en\" data-phrase-index=\"1\" data-number-of-phrases=\"6\"><span class=\"Q4iAWc\">.<\/span><\/span> <span class=\"JLqJ4b ChMk0b\" data-language-for-alternatives=\"pl\" data-language-to-translate-into=\"en\" data-phrase-index=\"2\" data-number-of-phrases=\"6\"><span class=\"Q4iAWc\">W ci\u0105gu 15 lat dzia\u0142alno\u015bci Centrum VET stworzy\u0142o dzia\u0142aj\u0105c\u0105 wieloregionaln\u0105 i mi\u0119dzynarodow\u0105 sie\u0107 z M\u015aP, instytucjami publicznymi, szko\u0142ami VET, partnerami spo\u0142ecznymi, uniwersytetami i o\u015brodkami badawczo-rozwojowymi.<\/span><\/span> <span class=\"JLqJ4b ChMk0b\" data-language-for-alternatives=\"pl\" data-language-to-translate-into=\"en\" data-phrase-index=\"3\" data-number-of-phrases=\"6\"><span class=\"Q4iAWc\">Jest partnerem Confindustria, g\u0142\u00f3wnego w\u0142oskiego stowarzyszenia przemys\u0142owego i wsp\u00f3\u0142pracuje z przedstawicielami i klastrami sektor\u00f3w produkcyjnych na poziomie krajowym i europejskim.<\/span><\/span> <span class=\"JLqJ4b ChMk0b\" data-language-for-alternatives=\"pl\" data-language-to-translate-into=\"en\" data-phrase-index=\"4\" data-number-of-phrases=\"6\"><span class=\"Q4iAWc\">Centoform dzia\u0142a w 2 w\u0142oskich regionach: Emilia Romagna&nbsp; i Apulia.<\/span><\/span> <span class=\"JLqJ4b ChMk0b\" data-language-for-alternatives=\"pl\" data-language-to-translate-into=\"en\" data-phrase-index=\"5\" data-number-of-phrases=\"6\"><span class=\"Q4iAWc\">Centoform projektuje i zarz\u0105dza programami szkoleniowymi dla os\u00f3b bezrobotnych i zatrudnionych, mi\u0119dzyinnymi w ramach funduszy regionalnych EFS i funduszy bran\u017cowych.<\/span><\/span><\/span><\/p>\n<p>&nbsp;<\/p>\n<p><a href=\"https:\/\/www.aeebc.org\" target=\"_blank\" rel=\"noopener noreferrer\">Association of Building Surveyors and Construction Experts, IE<\/a><\/p>\n<p><img loading=\"lazy\" decoding=\"async\" class=\" alignnone\" src=\"https:\/\/www.cloemcv.il.pw.edu.pl\/wp-content\/uploads\/2020\/12\/aeebc.jpg\" alt=\"\" width=\"254\" height=\"226\"><\/p>\n<p>AEEBC powsta\u0142a w 1990 roku i zrzesza ekspert\u00f3w budowlanych posiadaj\u0105cych kwalifikacje zawodowe w zakresie proces\u00f3w technologicznych i zarz\u0105dzania projektowaniem, wykonawstwem, remontami i naprawami, zgodnie z ustawodawstwem krajowym danego kraju. Ich do\u015bwiadczenie obejmuje doradztwo w zakresie: b\u0142\u0119d\u00f3w projektowych i wykonawczych; ochrony obiekt\u00f3w; projektowania i wykonawstwa nowych budynk\u00f3w; zarz\u0105dzania projektami i wykonawstwem; konserwacji obiekt\u00f3w, remont\u00f3w i odnawiania obiekt\u00f3w; doradztwa prawnego i ekspertyz s\u0105dowych. Cz\u0142onkowie AEEBC \u015bwiadcz\u0105 us\u0142ugi inwestorom oraz u\u017cytkownikom obiekt\u00f3w w zakresie projektowania, wykonawstwa, rozbudowy, modernizacji, konserwacji i naprawy obiekt\u00f3w. Ich porady obejmuj\u0105 technologi\u0119, zarz\u0105dzanie, ekonomi\u0119 i finanse, zagadnienia prawne i ekologiczne, na ka\u017cdym z etap\u00f3w projektu inwestycyjnego.<\/p>\n<p>&nbsp;<\/p>\n<p><a href=\"https:\/\/www.uma.pt\/en\" target=\"_blank\" rel=\"noopener\">Universidade da Madeira, PT<\/a><\/p>\n<p><img loading=\"lazy\" decoding=\"async\" class=\"alignnone size-full wp-image-1413\" src=\"https:\/\/id4ex.il.pw.edu.pl\/wp-content\/uploads\/2022\/04\/UMa.png\" alt=\"\" width=\"393\" height=\"136\" srcset=\"https:\/\/id4ex.il.pw.edu.pl\/wp-content\/uploads\/2022\/04\/UMa.png 393w, https:\/\/id4ex.il.pw.edu.pl\/wp-content\/uploads\/2022\/04\/UMa-300x104.png 300w\" sizes=\"auto, (max-width: 393px) 100vw, 393px\" \/><\/p>\n<p>Uniwersytet Madery (UMa) jest pa\u0144stwow\u0105 uczelni\u0105 za\u0142o\u017con\u0105 w 1988 r., podzielon\u0105 na 4 wydzia\u0142y i 2 szko\u0142y: Wy\u017csz\u0105 Szko\u0142\u0119 Nauk \u015acis\u0142ych i In\u017cynierii, Nauk Przyrodniczych, Nauk Spo\u0142ecznych, Sztuk Pi\u0119knych i Humanistycznych oraz Wy\u017csz\u0105 Szko\u0142\u0119 Zdrowia i Technik oraz Wy\u017csz\u0105 Szko\u0142\u0119 Zarz\u0105dzania. Uniwersytet Madery ma oko\u0142o 3000 student\u00f3w, 200 nauczycieli i 175 pracownik\u00f3w niedydaktycznych, z kt\u00f3rych oko\u0142o 50 to stypendy\u015bci. Mi\u0119dzy licencjatami, magisterkami, doktoratami, studiami podyplomowymi i innymi kursami oferowanych jest ponad 50 kurs\u00f3w. Misj\u0105 Uniwersytetu Madery jest bycie uniwersytetem na poziomie mi\u0119dzynarodowym, osi\u0105gaj\u0105cym doskona\u0142o\u015b\u0107 poprzez edukacj\u0119, badania i us\u0142ugi na rzecz spo\u0142eczno\u015bci regionalnych, krajowych i mi\u0119dzynarodowych. Uniwersytet Madery zamierza przygotowa\u0107 swoich student\u00f3w do bycia technicznie i naukowo kompetentnymi obywatelami, wykszta\u0142conymi, innowacyjnymi i dzia\u0142aj\u0105cymi w oparciu o warto\u015bci przejrzysto\u015bci, sprawiedliwo\u015bci, r\u00f3wno\u015bci, braterstwa i zr\u00f3wnowa\u017conego rozwoju planety. Uniwersytet Madery przyczynia si\u0119 r\u00f3wnie\u017c do spo\u0142ecznej odpowiedzialno\u015bci poprzez promocj\u0119 projekt\u00f3w wolontariatu, interakcje z r\u00f3\u017cnymi stowarzyszeniami obywatelskimi, organizacj\u0119 dzia\u0142a\u0144 kulturalnych, spo\u0142ecznych i artystycznych.<\/p>\n<p>&nbsp;<\/p>\n<p><a href=\"https:\/\/www.ozyegin.edu.tr\/en\" target=\"_blank\" rel=\"noopener\">\u00d6zye\u011fin University, TR<\/a><\/p>\n<p><img loading=\"lazy\" decoding=\"async\" class=\"alignnone wp-image-1412\" src=\"https:\/\/id4ex.il.pw.edu.pl\/wp-content\/uploads\/2022\/04\/ozu.png\" alt=\"\" width=\"341\" height=\"101\" srcset=\"https:\/\/id4ex.il.pw.edu.pl\/wp-content\/uploads\/2022\/04\/ozu.png 1200w, https:\/\/id4ex.il.pw.edu.pl\/wp-content\/uploads\/2022\/04\/ozu-300x89.png 300w, https:\/\/id4ex.il.pw.edu.pl\/wp-content\/uploads\/2022\/04\/ozu-1024x304.png 1024w, https:\/\/id4ex.il.pw.edu.pl\/wp-content\/uploads\/2022\/04\/ozu-768x228.png 768w\" sizes=\"auto, (max-width: 341px) 100vw, 341px\" \/><\/p>\n<p>Uniwersytet \u00d6zye\u011fin (OzU) stara si\u0119 by\u0107 wiod\u0105cym uniwersytetem badawczym w zakresie przedsi\u0119biorczo\u015bci w Turcji. Jego misj\u0105 jest tworzenie, dzielenie si\u0119 i stosowanie wiedzy w s\u0142u\u017cbie spo\u0142ecze\u0144stwu. W \u00d6zye\u011fin wszyscy s\u0105 zmotywowani do prowadzenia bada\u0144, kt\u00f3re s\u0105 istotne dla prawdziwego \u017cycia, korzystne dla ludzko\u015bci i ukierunkowane na popraw\u0119 jako\u015bci codziennego \u017cycia. Jako uczelnia badawcza staraj\u0105 si\u0119 kszta\u0142ci\u0107 przysz\u0142ych lider\u00f3w poprzez proces odkrywania i tworzenia nowej wiedzy. Cz\u0142onkowie wydzia\u0142u s\u0105 aktywnymi badaczami, dobrze rozpoznawalnymi na ca\u0142ym \u015bwiecie w swoich dziedzinach. Maj\u0105 do\u015bwiadczenie w stosowaniu wynik\u00f3w swoich bada\u0144 w budowaniu nowatorskich biznes\u00f3w. Jako uniwersytet badawczy, \u00d6zye\u011fin ma wiele aktywnych i zako\u0144czonych wspieranych grant\u00f3w i projekt\u00f3w wsp\u00f3\u0142pracy. Grupa badawcza DRUM (Dynamic Research on Urban Morphology) skupia si\u0119 na aspekcie diachronicznym lub przekszta\u0142ceniach urbanistycznych i terytorialnych; korzysta z wiedzy specjalistycznej architekt\u00f3w, urbanist\u00f3w i morfolog\u00f3w miejskich, w tym prowazi szerok\u0105 interdyscyplinarn\u0105 wsp\u00f3\u0142prac\u0119 z innymi dyscyplinami, takimi jak geografia, historia i archeologia. Grupa badawcza ma na celu opisanie dynamiki rozwoju miast w r\u00f3\u017cnych warunkach morfologicznych i geograficznych poprzez por\u00f3wnanie szeregu odpowiednich studi\u00f3w przypadku w stolicach. Grupa badawcza stosuje metod\u0119 por\u00f3wnawcz\u0105 oraz inne narz\u0119dzia analityczne, takie jak GIS, Sk\u0142adnia Kosmiczna, Plany Typologiczne, Procesy Typologiczne, Analizy Konzeniowskie w r\u00f3\u017cnych skalach.<\/p>\n<p>&nbsp;<\/p>\n<p><a href=\"http:\/\/www.psmb.pl\" target=\"_blank\" rel=\"noopener noreferrer\">Polskie Stowarzyszenie Mened\u017cer\u00f3w Budownictwa, PL<\/a><\/p>\n<p><img loading=\"lazy\" decoding=\"async\" class=\" alignnone\" src=\"https:\/\/id4ex.il.pw.edu.pl\/wp-content\/uploads\/2016\/12\/logo-PSMB-z-bialym-tlem.gif\" alt=\"\" width=\"220\" height=\"310\"><\/p>\n<p>PSMB powo\u0142ano we wsp\u00f3\u0142pracy z The Association of European Building Surveyors and Construction Experts (AEEBC) oraz The Chartered Institute of Building (CIOB) \u2013 mi\u0119dzynarodowymi organizacjami zrzeszaj\u0105cymi podmioty i instytucje pa\u0144stw europejskich, w celu kszta\u0142cenia i certyfikacji kwalifikacji mened\u017cerskich kadr budownictwa.<br \/>\nPSMB dzia\u0142a na zasadzie non profit nie korzystaj\u0105c z \u017cadnych preferencji, ani ustawowego nakazu przynale\u017cno\u015bci do okre\u015blonych organizacji zawodowych.<br \/>\nMerytoryczne podstawy dzia\u0142alno\u015bci Stowarzyszenia opracowano i sformu\u0142owano przy wsparciu \u015brodk\u00f3w unijnych, w celu wyr\u00f3wnania kwalifikacji polskich mened\u017cer\u00f3w budownictwa do standard\u00f3w europejskich oraz przygotowania ich do prowadzenia dzia\u0142alno\u015bci gospodarczej na rynku mi\u0119dzynarodowym.<\/p>\n<p>&nbsp;<\/p>\n<p><a href=\"https:\/\/www.more.mr\/it\/\" target=\"_blank\" rel=\"noopener\">MORE, IT<\/a><\/p>\n<p><img loading=\"lazy\" decoding=\"async\" class=\"alignnone wp-image-1411\" src=\"https:\/\/id4ex.il.pw.edu.pl\/wp-content\/uploads\/2022\/04\/more.png\" alt=\"\" width=\"387\" height=\"75\" srcset=\"https:\/\/id4ex.il.pw.edu.pl\/wp-content\/uploads\/2022\/04\/more.png 1080w, https:\/\/id4ex.il.pw.edu.pl\/wp-content\/uploads\/2022\/04\/more-300x58.png 300w, https:\/\/id4ex.il.pw.edu.pl\/wp-content\/uploads\/2022\/04\/more-1024x199.png 1024w, https:\/\/id4ex.il.pw.edu.pl\/wp-content\/uploads\/2022\/04\/more-768x149.png 768w\" sizes=\"auto, (max-width: 387px) 100vw, 387px\" \/><\/p>\n<p>Firma zajmuje si\u0119 projektowaniem oprogramowania i doradztwem informatycznym przy realizacji 3D Virtual Reality Rooms w ka\u017cdym obszarze i sektorze. More srl powsta\u0142a w 2020 roku w wyniku wsp\u00f3lnej inicjatywy Websolute spa (www.websolute.com), Cadland srl (www.cadland.it) i Nextlab srl (www.nextlab.pro) (liderzy w swoich sektorach).&nbsp; Websolute to jedna z wiod\u0105cych w\u0142oskich firm cyfrowych dzia\u0142aj\u0105cych w dziedzinie technologii cyfrowych i komunikacji oraz marketingu i handlu cyfrowego. Cadland jest integratorem technologii w sektorze PLM (Product Lifecycle Management, CAD, CAM, CAE). Nextlab jest innowacyjnym M\u015aP, kt\u00f3re zapewnia firmom wsparcie planistyczne i wykonawcze, aby kierowa\u0107 je na \u015bcie\u017cki innowacji produktowych i procesowych poprzez dzia\u0142ania w zakresie rozwoju bada\u0144, transferu technologii, szkole\u0144 i kwalifikacji modeli biznesowych. MORE&nbsp; jest zasilany przez zesp\u00f3\u0142 z ponad 20-letnim do\u015bwiadczeniem w integracji rozwi\u0105za\u0144 eXtended Reality (rozszerzona, mieszana), infrastruktur technologicznych Motion Capture i zaawansowanych system\u00f3w multimedialnych.<\/p>\n<p>&nbsp;<\/p>\n<p><a href=\"http:\/\/architettura.unife.it\/it\" target=\"_blank\" rel=\"noopener\">University of Ferrara, IT<\/a><\/p>\n<p><img loading=\"lazy\" decoding=\"async\" class=\"alignnone wp-image-1419\" src=\"https:\/\/id4ex.il.pw.edu.pl\/wp-content\/uploads\/2022\/04\/UNIFE.png\" alt=\"\" width=\"426\" height=\"113\" srcset=\"https:\/\/id4ex.il.pw.edu.pl\/wp-content\/uploads\/2022\/04\/UNIFE.png 1889w, https:\/\/id4ex.il.pw.edu.pl\/wp-content\/uploads\/2022\/04\/UNIFE-300x79.png 300w, https:\/\/id4ex.il.pw.edu.pl\/wp-content\/uploads\/2022\/04\/UNIFE-1024x271.png 1024w, https:\/\/id4ex.il.pw.edu.pl\/wp-content\/uploads\/2022\/04\/UNIFE-768x203.png 768w, https:\/\/id4ex.il.pw.edu.pl\/wp-content\/uploads\/2022\/04\/UNIFE-1536x407.png 1536w\" sizes=\"auto, (max-width: 426px) 100vw, 426px\" \/><\/p>\n<p>Universitet w Ferrarze (UNIFE) jest uniwersytetem publicznym, kt\u00f3rego misj\u0105 jest zapewnienie doskona\u0142ej edukacji podyplomowej i podyplomowej, a tak\u017ce naukowc\u00f3w. UNIFE ma na celu promowanie bada\u0144 przemys\u0142owych i transferu technologii, poprzez sw\u00f3j Technopole w ramach Sieci Wysokich Specjalizacji Emilia-Romagna (www.regione.emiliaromagna.it\/en\/researchand-innovation\/emilia-romagna-high-technology-network), promowanie specjalizacji umiej\u0119tno\u015bci, zach\u0119canie i wspieranie rozwoju inicjatyw w zakresie szkolnictwa wy\u017cszego i rozwoju zasob\u00f3w ludzkich. Lokalne partnerstwo Uniwersytetu w Ferrarze obejmuje TekneHub (www.tecnopolo.fe.it\/?lang=en), kt\u00f3re jest jednym z czterech laboratori\u00f3w Tecnopole of Ferrara, w ramach Clust-ER BUILD (www.retealtatecnologia.it\/en \/cluster), jednej z pierwszych siedmiu regionalnych sieci publiczno-prywatnych we W\u0142oszech skoncentrowanych na wspieraniu innowacji, bada\u0144 przemys\u0142owych i transferu technologii. Klastry-ER s\u0105 stowarzyszeniami organ\u00f3w publicznych i prywatnych: firm, o\u015brodk\u00f3w badawczych i instytucji szkoleniowych, kt\u00f3re dziel\u0105 si\u0119 umiej\u0119tno\u015bciami, pomys\u0142ami i zasobami w celu wspierania konkurencyjno\u015bci systemu przemys\u0142owego TekneHub dzia\u0142a w g\u0142\u00f3wnej dziedzinie zaawansowanych technik i zintegrowanych technologii cyfrowych na potrzeby renowacji i renowacja, innowacyjne technologie diagnostyki i konserwacji, zarz\u0105dzanie i waloryzacja dziedzictwa kulturowego oraz procedury ICT w celu oceny i zachowania istniej\u0105cego dziedzictwa budowlanego.<\/p>\n","protected":false},"excerpt":{"rendered":"<p>Promotor: Wydzia\u0142 In\u017cynierii L\u0105dowej Politechnika Warszawska, PL Wydzia\u0142 In\u017cynierii L\u0105dowej powsta\u0142 w 1915 roku jako jeden z trzech najstarszych wydzia\u0142\u00f3w uczelni, ale jego tradycje si\u0119gaj\u0105 pocz\u0105tk\u00f3w XIX wieku. Obecnie mie\u015bci si\u0119 we w\u0142asnym gmachu przy al. Armii Ludowej 16, gdzie znajduje si\u0119 wi\u0119kszo\u015b\u0107 sal wyk\u0142adowych oraz laboratori\u00f3w dydaktycznych i badawczych. W ostatnich latach Wydzia\u0142 przyjmuje &hellip; <a href=\"https:\/\/id4ex.il.pw.edu.pl\/index.php\/pl\/partnerstwo\/\" class=\"more-link\">Continue reading <span class=\"screen-reader-text\">Partnerstwo<\/span> <span class=\"meta-nav\">&rarr;<\/span><\/a><\/p>\n","protected":false},"author":1,"featured_media":0,"parent":0,"menu_order":0,"comment_status":"closed","ping_status":"closed","template":"","meta":{"ngg_post_thumbnail":0,"footnotes":""},"class_list":["post-26","page","type-page","status-publish","hentry"],"_links":{"self":[{"href":"https:\/\/id4ex.il.pw.edu.pl\/index.php\/wp-json\/wp\/v2\/pages\/26","targetHints":{"allow":["GET"]}}],"collection":[{"href":"https:\/\/id4ex.il.pw.edu.pl\/index.php\/wp-json\/wp\/v2\/pages"}],"about":[{"href":"https:\/\/id4ex.il.pw.edu.pl\/index.php\/wp-json\/wp\/v2\/types\/page"}],"author":[{"embeddable":true,"href":"https:\/\/id4ex.il.pw.edu.pl\/index.php\/wp-json\/wp\/v2\/users\/1"}],"replies":[{"embeddable":true,"href":"https:\/\/id4ex.il.pw.edu.pl\/index.php\/wp-json\/wp\/v2\/comments?post=26"}],"version-history":[{"count":8,"href":"https:\/\/id4ex.il.pw.edu.pl\/index.php\/wp-json\/wp\/v2\/pages\/26\/revisions"}],"predecessor-version":[{"id":1424,"href":"https:\/\/id4ex.il.pw.edu.pl\/index.php\/wp-json\/wp\/v2\/pages\/26\/revisions\/1424"}],"wp:attachment":[{"href":"https:\/\/id4ex.il.pw.edu.pl\/index.php\/wp-json\/wp\/v2\/media?parent=26"}],"curies":[{"name":"wp","href":"https:\/\/api.w.org\/{rel}","templated":true}]}}