{"id":18,"date":"2016-11-22T17:09:54","date_gmt":"2016-11-22T16:09:54","guid":{"rendered":"https:\/\/id4ex.il.pw.edu.pl\/?page_id=18"},"modified":"2022-02-17T15:58:47","modified_gmt":"2022-02-17T14:58:47","slug":"kontakt","status":"publish","type":"page","link":"https:\/\/id4ex.il.pw.edu.pl\/index.php\/pl\/kontakt\/","title":{"rendered":"Kontakt"},"content":{"rendered":"<p class=\"center\"><strong>Politechnika Warszawska, Wydzia\u0142 In\u017cynierii L\u0105dowej, Zesp\u00f3\u0142 In\u017cynierii Produkcji i Zarz\u0105dzania w Budownictwie<br \/>\n(Warsaw University of Technology, Civil Engineering Faculty, Division of Production Engineering and Construction Management)<br \/>\n<\/strong><\/p>\n<p>Armii Ludowej 16,<br \/>\npok\u00f3j 521<br \/>\n00-637 Warszawa<br \/>\nPOLSKA<\/p>\n<p>Kierownik projektu: dr in\u017c. Jerzy Ros\u0142on<\/p>\n<p>Tel: +48 22 234 6515,<br \/>\nFax : +48 22 825 7415<br \/>\nE-mail: <a href=\"mailto:id4exwut@il.pw.edu.pl\">id4exwut@il.pw.edu.pl<\/a><\/p>\n","protected":false},"excerpt":{"rendered":"<p>Politechnika Warszawska, Wydzia\u0142 In\u017cynierii L\u0105dowej, Zesp\u00f3\u0142 In\u017cynierii Produkcji i Zarz\u0105dzania w Budownictwie (Warsaw University of Technology, Civil Engineering Faculty, Division of Production Engineering and Construction Management) Armii Ludowej 16, pok\u00f3j 521 00-637 Warszawa POLSKA Kierownik projektu: dr in\u017c. Jerzy Ros\u0142on Tel: +48 22 234 6515, Fax : +48 22 825 7415 E-mail: id4exwut@il.pw.edu.pl<\/p>\n","protected":false},"author":1,"featured_media":0,"parent":0,"menu_order":0,"comment_status":"closed","ping_status":"closed","template":"","meta":{"ngg_post_thumbnail":0,"footnotes":""},"class_list":["post-18","page","type-page","status-publish","hentry"],"_links":{"self":[{"href":"https:\/\/id4ex.il.pw.edu.pl\/index.php\/wp-json\/wp\/v2\/pages\/18","targetHints":{"allow":["GET"]}}],"collection":[{"href":"https:\/\/id4ex.il.pw.edu.pl\/index.php\/wp-json\/wp\/v2\/pages"}],"about":[{"href":"https:\/\/id4ex.il.pw.edu.pl\/index.php\/wp-json\/wp\/v2\/types\/page"}],"author":[{"embeddable":true,"href":"https:\/\/id4ex.il.pw.edu.pl\/index.php\/wp-json\/wp\/v2\/users\/1"}],"replies":[{"embeddable":true,"href":"https:\/\/id4ex.il.pw.edu.pl\/index.php\/wp-json\/wp\/v2\/comments?post=18"}],"version-history":[{"count":4,"href":"https:\/\/id4ex.il.pw.edu.pl\/index.php\/wp-json\/wp\/v2\/pages\/18\/revisions"}],"predecessor-version":[{"id":1346,"href":"https:\/\/id4ex.il.pw.edu.pl\/index.php\/wp-json\/wp\/v2\/pages\/18\/revisions\/1346"}],"wp:attachment":[{"href":"https:\/\/id4ex.il.pw.edu.pl\/index.php\/wp-json\/wp\/v2\/media?parent=18"}],"curies":[{"name":"wp","href":"https:\/\/api.w.org\/{rel}","templated":true}]}}