{"id":14,"date":"2016-11-22T17:09:32","date_gmt":"2016-11-22T16:09:32","guid":{"rendered":"https:\/\/id4ex.il.pw.edu.pl\/?page_id=14"},"modified":"2024-02-29T19:35:01","modified_gmt":"2024-02-29T18:35:01","slug":"o-projekcie","status":"publish","type":"page","link":"https:\/\/id4ex.il.pw.edu.pl\/index.php\/pl\/o-projekcie\/","title":{"rendered":"O projekcie"},"content":{"rendered":"<div id=\"metaslider-id-1425\" style=\"width: 100%;\" class=\"ml-slider-3-103-0 metaslider metaslider-flex metaslider-1425 ml-slider has-dots-nav ms-theme-default\" role=\"region\" aria-label=\"Slider\" data-height=\"550\" data-width=\"900\">\n    <div id=\"metaslider_container_1425\">\n        <div id=\"metaslider_1425\">\n            <ul class='slides'>\n                <li style=\"display: block; width: 100%;\" class=\"slide-1437 ms-image \" aria-roledescription=\"slide\" data-date=\"2022-04-15 15:02:11\" data-slide-type=\"image\"><img loading=\"lazy\" decoding=\"async\" src=\"https:\/\/id4ex.il.pw.edu.pl\/wp-content\/uploads\/2022\/04\/logo-far.png\" height=\"550\" width=\"900\" alt=\"\" class=\"slider-1425 slide-1437 msDefaultImage\" title=\"logo far\" \/><\/li>\n                <li style=\"display: none; width: 100%;\" class=\"slide-1439 ms-image \" aria-roledescription=\"slide\" data-date=\"2022-04-15 15:02:28\" data-slide-type=\"image\"><a href=\"https:\/\/id4ex.il.pw.edu.pl\/index.php\/en\/green-practices-for-pm\/\" target=\"_self\" aria-label=\"View Slide Details\" class=\"metaslider_image_link\"><img loading=\"lazy\" decoding=\"async\" src=\"https:\/\/id4ex.il.pw.edu.pl\/wp-content\/uploads\/2022\/04\/Green-practices-895x547.png\" height=\"550\" width=\"900\" alt=\"\" class=\"slider-1425 slide-1439 msDefaultImage\" title=\"Green practices\" \/><\/a><\/li>\n                <li style=\"display: none; width: 100%;\" class=\"slide-1446 ms-image \" aria-roledescription=\"slide\" data-date=\"2022-04-15 15:14:22\" data-slide-type=\"image\"><a href=\"https:\/\/id4ex.il.pw.edu.pl\/index.php\/en\/immersive-design\/\" target=\"_self\" aria-label=\"View Slide Details\" class=\"metaslider_image_link\"><img loading=\"lazy\" decoding=\"async\" src=\"https:\/\/id4ex.il.pw.edu.pl\/wp-content\/uploads\/2022\/04\/MR-895x547.png\" height=\"550\" width=\"900\" alt=\"\" class=\"slider-1425 slide-1446 msDefaultImage\" title=\"Immersive design\" \/><\/a><\/li>\n                <li style=\"display: none; width: 100%;\" class=\"slide-1441 ms-image \" aria-roledescription=\"slide\" data-date=\"2022-04-15 15:02:36\" data-slide-type=\"image\"><a href=\"https:\/\/id4ex.il.pw.edu.pl\/index.php\/en\/results\/\" target=\"_self\" aria-label=\"View Slide Details\" class=\"metaslider_image_link\"><img loading=\"lazy\" decoding=\"async\" src=\"https:\/\/id4ex.il.pw.edu.pl\/wp-content\/uploads\/2022\/11\/IO1-791x483.png\" height=\"550\" width=\"900\" alt=\"\" class=\"slider-1425 slide-1441 msDefaultImage\" title=\"IO1\" \/><\/a><\/li>\n            <\/ul>\n        <\/div>\n        \n    <\/div>\n<\/div>\n<p>Projekt ID4Ex (Immersive Design for Excellence) mia\u0142 na celu spe\u0142nienie priorytet\u00f3w strategii Europa 2030 w zakresie zatrudnienia i edukacji poprzez wykorzystanie nowoczesnych technologii. Sektor budowlany stoi obecnie przed wielkimi wyzwaniami czwartej rewolucji przemys\u0142owej. &nbsp;W tym kontek\u015bcie cyfryzacja sektora stanowi wa\u017cny bodziec do stawienia czo\u0142a nie tylko wyzwaniom zwi\u0105zanym ze skuteczno\u015bci\u0105 i wydajno\u015bci\u0105 pracy, ale r\u00f3wnie\u017c z doskonaleniem umiej\u0119tno\u015bci i edukacj\u0105. Immersyjne podej\u015bcie do projektowania to innowacja, kt\u00f3ra mo\u017ce prowadzi\u0107 do powstawania nowoczesnych, inkluzywnych produkt\u00f3w i us\u0142ug anga\u017cuj\u0105cych wszystkie podmioty i interesariuszy danego procesu.<\/p>\n<p>G\u0142\u00f3wnym celem projektu by\u0142o wspieranie rozwoju umiej\u0119tno\u015bci i kompetencji poprzez inkluzywne podej\u015bcie do zagadnie\u0144 zwi\u0105zanych z dziedzictwem budowlanym. W tym celu wykorzystane zosta\u0142y nowoczesne rozwi\u0105zania: kluczowe technologie wspomagaj\u0105ce (ang. Key Enabling Technology, KET), wirtualna rzeczywisto\u015b\u0107 (ang. Virtual Reality, VR), immersyjne interaktywne do\u015bwiadczenia (ang. Immersive Interactive Experience, IIE), czy zaawansowane modelowanie 3D.<\/p>\n<p>Dodatkowo, projekt zrealizowa\u0142 nast\u0119puj\u0105ce cele:<\/p>\n<ul>\n<li>uaktualnienie i unowocze\u015bnianie istniej\u0105cych program\u00f3w szkoleniowych dotycz\u0105cych dziedzictwa budowlanego dzi\u0119ki nowoczesnym technologiom immersyjnym,<\/li>\n<li>podniesienie efektywno\u015bci nauczania i uczenia si\u0119 poprzez zastosowanie anga\u017cuj\u0105cych metod inkluzywnych,<\/li>\n<li>zwi\u0119kszenie synergii wykorzystania nowoczesnych technologii w zespo\u0142owym \u015brodowisku pracy, kt\u00f3re jednocze\u015bnie zapewnia odpowiedni rozw\u00f3j osobisty,<\/li>\n<li>zwi\u0119kszenie wsp\u00f3\u0142pracy mi\u0119dzy instytucjami edukacyjnymi i przedsi\u0119biorstwami w UE w celu zwi\u0119kszenia szans odbiorc\u00f3w projektu na zatrudnienie.<\/li>\n<\/ul>\n<p>W ramach projektu powsta\u0142y mi\u0119dzy innymi:<\/p>\n<ul>\n<li>raport dotycz\u0105cy najlepszych praktyk i zastosowa\u0144 technologii VR do renowacji i waloryzacji budynk\u00f3w o wysokim znaczeniu dla dziedzictwa kulturowego i budowlanego,<\/li>\n<li>modu\u0142y szkoleniowe dotycz\u0105ce immersyjnego projektowania,<\/li>\n<li>zestaw cyfrowych narz\u0119dzi szkoleniowych dotycz\u0105cy immersyjnego projektowania.<\/li>\n<\/ul>\n<p>&nbsp;<\/p>\n<p>Zapraszamy do pobrania materia\u0142\u00f3w za darmo!<\/p>\n<p>Projekt adresowany jest przede wszystkim do student\u00f3w i uczelni wy\u017cszych, ale tak\u017ce do architekt\u00f3w, in\u017cynier\u00f3w, specjalist\u00f3w w dziedzinie budownictwa oraz organizacji zajmuj\u0105cych si\u0119 kszta\u0142ceniem.<\/p>\n","protected":false},"excerpt":{"rendered":"<p>Projekt ID4Ex (Immersive Design for Excellence) mia\u0142 na celu spe\u0142nienie priorytet\u00f3w strategii Europa 2030 w zakresie zatrudnienia i edukacji poprzez wykorzystanie nowoczesnych technologii. Sektor budowlany stoi obecnie przed wielkimi wyzwaniami czwartej rewolucji przemys\u0142owej. &nbsp;W tym kontek\u015bcie cyfryzacja sektora stanowi wa\u017cny bodziec do stawienia czo\u0142a nie tylko wyzwaniom zwi\u0105zanym ze skuteczno\u015bci\u0105 i wydajno\u015bci\u0105 pracy, ale r\u00f3wnie\u017c &hellip; <a href=\"https:\/\/id4ex.il.pw.edu.pl\/index.php\/pl\/o-projekcie\/\" class=\"more-link\">Continue reading <span class=\"screen-reader-text\">O projekcie<\/span> <span class=\"meta-nav\">&rarr;<\/span><\/a><\/p>\n","protected":false},"author":1,"featured_media":0,"parent":0,"menu_order":0,"comment_status":"closed","ping_status":"closed","template":"","meta":{"ngg_post_thumbnail":0,"footnotes":""},"class_list":["post-14","page","type-page","status-publish","hentry"],"_links":{"self":[{"href":"https:\/\/id4ex.il.pw.edu.pl\/index.php\/wp-json\/wp\/v2\/pages\/14","targetHints":{"allow":["GET"]}}],"collection":[{"href":"https:\/\/id4ex.il.pw.edu.pl\/index.php\/wp-json\/wp\/v2\/pages"}],"about":[{"href":"https:\/\/id4ex.il.pw.edu.pl\/index.php\/wp-json\/wp\/v2\/types\/page"}],"author":[{"embeddable":true,"href":"https:\/\/id4ex.il.pw.edu.pl\/index.php\/wp-json\/wp\/v2\/users\/1"}],"replies":[{"embeddable":true,"href":"https:\/\/id4ex.il.pw.edu.pl\/index.php\/wp-json\/wp\/v2\/comments?post=14"}],"version-history":[{"count":15,"href":"https:\/\/id4ex.il.pw.edu.pl\/index.php\/wp-json\/wp\/v2\/pages\/14\/revisions"}],"predecessor-version":[{"id":2024,"href":"https:\/\/id4ex.il.pw.edu.pl\/index.php\/wp-json\/wp\/v2\/pages\/14\/revisions\/2024"}],"wp:attachment":[{"href":"https:\/\/id4ex.il.pw.edu.pl\/index.php\/wp-json\/wp\/v2\/media?parent=14"}],"curies":[{"name":"wp","href":"https:\/\/api.w.org\/{rel}","templated":true}]}}